{"id":763,"date":"2021-10-21T09:07:59","date_gmt":"2021-10-21T09:07:59","guid":{"rendered":"http:\/\/evanwijkro.media-kanjers.nl\/sustainability\/"},"modified":"2023-02-08T11:22:32","modified_gmt":"2023-02-08T11:22:32","slug":"sustainability","status":"publish","type":"page","link":"https:\/\/www.evanwijk.com.pl\/en\/sustainability\/","title":{"rendered":"Sustainability"},"content":{"rendered":"<div class=\"mk_sectie paginatitel\"\n          >\n     \n      \n            <div class=\"mk_rij mk_rij_kolom_1\"\n                >\n    \n                \n        <div class=\"mk_kolom mk_kolom_1 mk_kolom_1_1\"\n                  >\n                \n            \n      \t<div class=\"mk_module mk_titel\">\n      <div class=\"mk_titel_inner\">\n\t<h1>Sustainability<\/h1>      <\/div>\n    <\/div> <!-- mk_module -->\n  \n      \n      \n              <\/div>\n          <\/div> <!-- mk_rij -->\n        \n          <\/div> <!-- mk_sectie -->\n      <div class=\"mk_sectie shadowoverlay tekstlight overlapbottom background_1\"\n      bglazy=\"true\" bg=\"https:\/\/www.evanwijk.com.pl\/wp-content\/uploads\/2023\/02\/Srodowisko-naturalne-The-environment-1920x1440.jpg\"    >\n     \n      \n            <div class=\"mk_rij mk_rij_kolom_1\"\n                >\n    \n                \n        <div class=\"mk_kolom mk_kolom_1 mk_kolom_1_1\"\n                  >\n                \n            \n        <div class=\"mk_module mk_knop back\">\n      <div class=\"mk_knop_inner\">\n        <a class=\"mk_button\" href=\"https:\/\/www.evanwijk.com.pl\/en\/\/\">\n  Back to Homepage<\/a>      <\/div>\n    <\/div> <!-- mk_module -->\n  \t<div class=\"mk_module mk_titel line\">\n      <div class=\"mk_titel_inner\">\n\t<h3>E van Wijk and our surroundings<\/h3>      <\/div>\n    <\/div> <!-- mk_module -->\n  \t<div class=\"mk_module mk_tekst half\">\n      <div class=\"mk_tekst_inner\">\n<div class=\"mk_module mk_tekst maxwidth_600\">\n<div class=\"mk_tekst_inner\">\n<p>Reasonable resource management is one of our core values. E van Wijk cares about local communities, its employees, with simultaneous care for the natural environment. The youngest, Polish branch of the company has a modern fleet of vehicles that meet the current highest standards to reduce CO<sub>2<\/sub> emissions to the atmosphere to a minimum. We support and encourage our contractors to digitize all documentation required in transport and we follow this rule ourselves.<\/p>\n<\/div>\n<\/div>\n<\/div>\n    <\/div> <!-- mk_module -->\n  \n      \n      \n              <\/div>\n          <\/div> <!-- mk_rij -->\n        \n          <\/div> <!-- mk_sectie -->\n      <div class=\"mk_sectie light borderbottom\"\n          >\n     \n      \n            <div class=\"mk_rij mk_rij_kolom_1\"\n                >\n    \n                \n        <div class=\"mk_kolom mk_kolom_1 mk_kolom_1_1\"\n                  >\n                \n            \n      \t<div class=\"mk_module mk_code\">\n      <div class=\"mk_code_inner\">\n\t\r\n<div class=\"sustainabilitys_overzicht clearfix\">\r\n\r\n \r\n\r\n    \r\n        <a href=\"https:\/\/www.evanwijk.com.pl\/en\/sustainability\/digital-innovation\/\" class=\"item\">\r\n\r\n            <div class=\"afbeelding\" style=\"background-image:url('https:\/\/www.evanwijk.com.pl\/wp-content\/uploads\/2021\/10\/Cyfryzacja-Digital-Innovation-600x400.jpg');\">\r\n            \r\n                <img class=\"lazyload\" data-src=\"https:\/\/www.evanwijk.com.pl\/wp-content\/uploads\/2021\/10\/Cyfryzacja-Digital-Innovation-600x400.jpg\" alt=\"digit\"  title=\"Cyfryzacja - Digital Innovation\" width=\"600\" height=\"400\">\r\n            <\/div>\r\n\r\n            <div class=\"info\">\r\n\r\n                <div class=\"inner\">\r\n                    <div class=\"titel\">Digital Innovation<\/div>\r\n                    <div class=\"tekst\"><p>Gradual digitization helps us work on sustainable development. This goes from data to improve the utilisation of our trucks to minimising paperwork. In the coming years, Big Data 2.0 will be the key for us to achieve our goals in reducing our environmental footprint.<\/p>\n<\/div>\r\n                <\/div>\r\n                <div class=\"readmore\">Read more<\/div>\r\n\r\n            <\/div>\r\n\r\n        <\/a>\r\n\r\n    \r\n        <a href=\"https:\/\/www.evanwijk.com.pl\/en\/sustainability\/natural-environment\/\" class=\"item\">\r\n\r\n            <div class=\"afbeelding\" style=\"background-image:url('https:\/\/www.evanwijk.com.pl\/wp-content\/uploads\/2021\/10\/IMG20211124140220-PL-PS-600x450.png');\">\r\n            \r\n                <img class=\"lazyload\" data-src=\"https:\/\/www.evanwijk.com.pl\/wp-content\/uploads\/2021\/10\/IMG20211124140220-PL-PS-600x450.png\" alt=\"E van Wijk Poland\"  title=\"IMG20211124140220 PL - PS\" width=\"600\" height=\"450\">\r\n            <\/div>\r\n\r\n            <div class=\"info\">\r\n\r\n                <div class=\"inner\">\r\n                    <div class=\"titel\">Natural Environment<\/div>\r\n                    <div class=\"tekst\"><p>As a large transport company, we perfectly realize the size of our environmental footprint. Feeling a lot of responsibility for the environment, we make sure that our fleet is young and in perfect condition. In addition, we reduce CO<sub>2<\/sub> emissions through eco-driving training program for our drivers.<\/p>\n<\/div>\r\n                <\/div>\r\n                <div class=\"readmore\">Read more<\/div>\r\n\r\n            <\/div>\r\n\r\n        <\/a>\r\n\r\n    \r\n        <a href=\"https:\/\/www.evanwijk.com.pl\/en\/sustainability\/social-responsibility\/\" class=\"item\">\r\n\r\n            <div class=\"afbeelding\" style=\"background-image:url('https:\/\/www.evanwijk.com.pl\/wp-content\/uploads\/2021\/10\/Odpowiedzialnosc-spoleczna-Social-Responsibility-600x400.jpg');\">\r\n            \r\n                <img class=\"lazyload\" data-src=\"https:\/\/www.evanwijk.com.pl\/wp-content\/uploads\/2021\/10\/Odpowiedzialnosc-spoleczna-Social-Responsibility-600x400.jpg\" alt=\"Odpowiedzialno\u015b\u0107 spo\u0142eczna - Social Responsibility\"  title=\"Odpowiedzialno\u015b\u0107 spo\u0142eczna - Social Responsibility\" width=\"600\" height=\"400\">\r\n            <\/div>\r\n\r\n            <div class=\"info\">\r\n\r\n                <div class=\"inner\">\r\n                    <div class=\"titel\">Social Responsibility<\/div>\r\n                    <div class=\"tekst\"><p>At E. van Wijk, we try to take care of both the surrounding community and employees. We are a family company, therefore our core values include long term good relationships and attention to each employee, regardless of his origin and whatever role does he play in the company.<\/p>\n<\/div>\r\n                <\/div>\r\n                <div class=\"readmore\">Read more<\/div>\r\n\r\n            <\/div>\r\n\r\n        <\/a>\r\n\r\n    \r\n\r\n    \r\n<\/div>      <\/div>\n    <\/div> <!-- mk_module -->\n  \n      \n      \n              <\/div>\n          <\/div> <!-- mk_rij -->\n        \n          <\/div> <!-- mk_sectie -->\n      <div class=\"mk_sectie\"\n          >\n     \n      \n            <div class=\"mk_rij mk_rij_kolom_2\"\n                >\n    \n                \n        <div class=\"mk_kolom mk_kolom_2 mk_kolom_1_2\"\n                  >\n                \n            \n      \t<div class=\"mk_module mk_titel lineoranje\">\n      <div class=\"mk_titel_inner\">\n\t<h2>Quality and Sustainable Development<\/h2>      <\/div>\n    <\/div> <!-- mk_module -->\n  \t<div class=\"mk_module mk_tekst\">\n      <div class=\"mk_tekst_inner\">\n<p>We are constantly investing in our fleet, because we know that a cleaner environment is primarily a higher quality of the air we breathe.<\/p>\n<p>We work in accordance with several ISO standards and are constantly looking for the best ways to work in the most sustainable way. We have certificates for the transport and storage of ADR goods, and our employees are properly trained in that scope. We are familiar with the procedures for special handling of this type of cargo as well as the risks to the environment due to their careless handling.<\/p>\n<\/div>\n    <\/div> <!-- mk_module -->\n            <\/div>  \n\n    \n    <div class=\"mk_kolom mk_kolom_2 mk_kolom_1_2\"\n        >\n      \n        \t<div class=\"mk_module mk_code\">\n      <div class=\"mk_code_inner\">\n\t<div class=\"sustainability_logo\">\r\n    <\/div>      <\/div>\n    <\/div> <!-- mk_module -->\n  \n      \n      \n              <\/div>\n          <\/div> <!-- mk_rij -->\n        \n          <\/div> <!-- mk_sectie -->\n  ","protected":false},"excerpt":{"rendered":"<p>SustainabilityBack to HomepageE van Wijk and our surroundings Reasonable resource management is one of our core values. E van Wijk cares about local communities, its employees, with simultaneous care for the natural environment. The youngest, Polish branch of the company has a modern fleet of vehicles that meet the current highest standards to reduce CO2 [&hellip;]<\/p>\n","protected":false},"author":1,"featured_media":0,"parent":0,"menu_order":0,"comment_status":"closed","ping_status":"closed","template":"","meta":{"_acf_changed":false,"inline_featured_image":false,"footnotes":""},"class_list":["post-763","page","type-page","status-publish","hentry"],"acf":[],"yoast_head":"<!-- This site is optimized with the Yoast SEO plugin v27.5 - https:\/\/yoast.com\/product\/yoast-seo-wordpress\/ -->\n<title>Sustainability - E van Wijk - Polska<\/title>\n<meta name=\"robots\" content=\"index, follow, max-snippet:-1, max-image-preview:large, max-video-preview:-1\" \/>\n<link rel=\"canonical\" href=\"https:\/\/www.evanwijk.com.pl\/en\/sustainability\/\" \/>\n<meta property=\"og:locale\" content=\"en_US\" \/>\n<meta property=\"og:type\" content=\"article\" \/>\n<meta property=\"og:title\" content=\"Sustainability - E van Wijk - Polska\" \/>\n<meta property=\"og:description\" content=\"SustainabilityBack to HomepageE van Wijk and our surroundings Reasonable resource management is one of our core values. E van Wijk cares about local communities, its employees, with simultaneous care for the natural environment. The youngest, Polish branch of the company has a modern fleet of vehicles that meet the current highest standards to reduce CO2 [&hellip;]\" \/>\n<meta property=\"og:url\" content=\"https:\/\/www.evanwijk.com.pl\/en\/sustainability\/\" \/>\n<meta property=\"og:site_name\" content=\"E van Wijk - Polska\" \/>\n<meta property=\"article:modified_time\" content=\"2023-02-08T11:22:32+00:00\" \/>\n<meta name=\"twitter:card\" content=\"summary_large_image\" \/>\n<meta name=\"twitter:label1\" content=\"Est. reading time\" \/>\n\t<meta name=\"twitter:data1\" content=\"2 minutes\" \/>\n<script type=\"application\/ld+json\" class=\"yoast-schema-graph\">{\"@context\":\"https:\\\/\\\/schema.org\",\"@graph\":[{\"@type\":\"WebPage\",\"@id\":\"https:\\\/\\\/www.evanwijk.com.pl\\\/en\\\/sustainability\\\/\",\"url\":\"https:\\\/\\\/www.evanwijk.com.pl\\\/en\\\/sustainability\\\/\",\"name\":\"Sustainability - E van Wijk - Polska\",\"isPartOf\":{\"@id\":\"https:\\\/\\\/www.evanwijk.com.pl\\\/en\\\/#website\"},\"datePublished\":\"2021-10-21T09:07:59+00:00\",\"dateModified\":\"2023-02-08T11:22:32+00:00\",\"breadcrumb\":{\"@id\":\"https:\\\/\\\/www.evanwijk.com.pl\\\/en\\\/sustainability\\\/#breadcrumb\"},\"inLanguage\":\"en-US\",\"potentialAction\":[{\"@type\":\"ReadAction\",\"target\":[\"https:\\\/\\\/www.evanwijk.com.pl\\\/en\\\/sustainability\\\/\"]}]},{\"@type\":\"BreadcrumbList\",\"@id\":\"https:\\\/\\\/www.evanwijk.com.pl\\\/en\\\/sustainability\\\/#breadcrumb\",\"itemListElement\":[{\"@type\":\"ListItem\",\"position\":1,\"name\":\"Home\",\"item\":\"https:\\\/\\\/www.evanwijk.com.pl\\\/en\\\/\"},{\"@type\":\"ListItem\",\"position\":2,\"name\":\"Sustainability\"}]},{\"@type\":\"WebSite\",\"@id\":\"https:\\\/\\\/www.evanwijk.com.pl\\\/en\\\/#website\",\"url\":\"https:\\\/\\\/www.evanwijk.com.pl\\\/en\\\/\",\"name\":\"E van Wijk - Polska\",\"description\":\"\",\"potentialAction\":[{\"@type\":\"SearchAction\",\"target\":{\"@type\":\"EntryPoint\",\"urlTemplate\":\"https:\\\/\\\/www.evanwijk.com.pl\\\/en\\\/?s={search_term_string}\"},\"query-input\":{\"@type\":\"PropertyValueSpecification\",\"valueRequired\":true,\"valueName\":\"search_term_string\"}}],\"inLanguage\":\"en-US\"}]}<\/script>\n<!-- \/ Yoast SEO plugin. -->","yoast_head_json":{"title":"Sustainability - E van Wijk - Polska","robots":{"index":"index","follow":"follow","max-snippet":"max-snippet:-1","max-image-preview":"max-image-preview:large","max-video-preview":"max-video-preview:-1"},"canonical":"https:\/\/www.evanwijk.com.pl\/en\/sustainability\/","og_locale":"en_US","og_type":"article","og_title":"Sustainability - E van Wijk - Polska","og_description":"SustainabilityBack to HomepageE van Wijk and our surroundings Reasonable resource management is one of our core values. E van Wijk cares about local communities, its employees, with simultaneous care for the natural environment. The youngest, Polish branch of the company has a modern fleet of vehicles that meet the current highest standards to reduce CO2 [&hellip;]","og_url":"https:\/\/www.evanwijk.com.pl\/en\/sustainability\/","og_site_name":"E van Wijk - Polska","article_modified_time":"2023-02-08T11:22:32+00:00","twitter_card":"summary_large_image","twitter_misc":{"Est. reading time":"2 minutes"},"schema":{"@context":"https:\/\/schema.org","@graph":[{"@type":"WebPage","@id":"https:\/\/www.evanwijk.com.pl\/en\/sustainability\/","url":"https:\/\/www.evanwijk.com.pl\/en\/sustainability\/","name":"Sustainability - E van Wijk - Polska","isPartOf":{"@id":"https:\/\/www.evanwijk.com.pl\/en\/#website"},"datePublished":"2021-10-21T09:07:59+00:00","dateModified":"2023-02-08T11:22:32+00:00","breadcrumb":{"@id":"https:\/\/www.evanwijk.com.pl\/en\/sustainability\/#breadcrumb"},"inLanguage":"en-US","potentialAction":[{"@type":"ReadAction","target":["https:\/\/www.evanwijk.com.pl\/en\/sustainability\/"]}]},{"@type":"BreadcrumbList","@id":"https:\/\/www.evanwijk.com.pl\/en\/sustainability\/#breadcrumb","itemListElement":[{"@type":"ListItem","position":1,"name":"Home","item":"https:\/\/www.evanwijk.com.pl\/en\/"},{"@type":"ListItem","position":2,"name":"Sustainability"}]},{"@type":"WebSite","@id":"https:\/\/www.evanwijk.com.pl\/en\/#website","url":"https:\/\/www.evanwijk.com.pl\/en\/","name":"E van Wijk - Polska","description":"","potentialAction":[{"@type":"SearchAction","target":{"@type":"EntryPoint","urlTemplate":"https:\/\/www.evanwijk.com.pl\/en\/?s={search_term_string}"},"query-input":{"@type":"PropertyValueSpecification","valueRequired":true,"valueName":"search_term_string"}}],"inLanguage":"en-US"}]}},"_links":{"self":[{"href":"https:\/\/www.evanwijk.com.pl\/en\/wp-json\/wp\/v2\/pages\/763","targetHints":{"allow":["GET"]}}],"collection":[{"href":"https:\/\/www.evanwijk.com.pl\/en\/wp-json\/wp\/v2\/pages"}],"about":[{"href":"https:\/\/www.evanwijk.com.pl\/en\/wp-json\/wp\/v2\/types\/page"}],"author":[{"embeddable":true,"href":"https:\/\/www.evanwijk.com.pl\/en\/wp-json\/wp\/v2\/users\/1"}],"replies":[{"embeddable":true,"href":"https:\/\/www.evanwijk.com.pl\/en\/wp-json\/wp\/v2\/comments?post=763"}],"version-history":[{"count":12,"href":"https:\/\/www.evanwijk.com.pl\/en\/wp-json\/wp\/v2\/pages\/763\/revisions"}],"predecessor-version":[{"id":1880,"href":"https:\/\/www.evanwijk.com.pl\/en\/wp-json\/wp\/v2\/pages\/763\/revisions\/1880"}],"wp:attachment":[{"href":"https:\/\/www.evanwijk.com.pl\/en\/wp-json\/wp\/v2\/media?parent=763"}],"curies":[{"name":"wp","href":"https:\/\/api.w.org\/{rel}","templated":true}]}}